{"id":409,"date":"2020-01-19T10:36:46","date_gmt":"2020-01-19T10:36:46","guid":{"rendered":"http:\/\/simap.dnative.com\/economia-circolare\/"},"modified":"2020-03-26T16:57:32","modified_gmt":"2020-03-26T16:57:32","slug":"economia-circolare","status":"publish","type":"page","link":"https:\/\/www.simapsrl.com\/pl\/economia-circolare\/","title":{"rendered":"Gospodarka o obiegu zamkni\u0119tym"},"content":{"rendered":"","protected":false},"excerpt":{"rendered":"","protected":false},"author":1,"featured_media":0,"parent":0,"menu_order":0,"comment_status":"closed","ping_status":"closed","template":"template-economia.php","meta":[],"acf":[],"yoast_head":"<!-- This site is optimized with the Yoast SEO plugin v19.14 - https:\/\/yoast.com\/wordpress\/plugins\/seo\/ -->\n<title>Gospodarka o Obiegu Zamkni\u0119tym | Simap<\/title>\n<meta name=\"description\" content=\"Model gospodarki o\u00a0obiegu zamkni\u0119tym planuje wszystkie fazy \u017cycia produktu, tak aby u\u017cyte materia\u0142y mog\u0142y by\u0107 ponownie wykorzystane w\u00a0nowych cyklach.\" \/>\n<meta name=\"robots\" content=\"index, follow, max-snippet:-1, max-image-preview:large, max-video-preview:-1\" \/>\n<link rel=\"canonical\" href=\"https:\/\/www.simapsrl.com\/pl\/economia-circolare\/\" \/>\n<meta property=\"og:locale\" content=\"pl_PL\" \/>\n<meta property=\"og:type\" content=\"article\" \/>\n<meta property=\"og:title\" content=\"Gospodarka o Obiegu Zamkni\u0119tym | Simap\" \/>\n<meta property=\"og:description\" content=\"Model gospodarki o\u00a0obiegu zamkni\u0119tym planuje wszystkie fazy \u017cycia produktu, tak aby u\u017cyte materia\u0142y mog\u0142y by\u0107 ponownie wykorzystane w\u00a0nowych cyklach.\" \/>\n<meta property=\"og:url\" content=\"https:\/\/www.simapsrl.com\/pl\/economia-circolare\/\" \/>\n<meta property=\"og:site_name\" content=\"Simap\" \/>\n<meta property=\"article:publisher\" content=\"https:\/\/www.facebook.com\/simapsrl\/\" \/>\n<meta property=\"article:modified_time\" content=\"2020-03-26T16:57:32+00:00\" \/>\n<meta name=\"twitter:card\" content=\"summary_large_image\" \/>\n<script type=\"application\/ld+json\" class=\"yoast-schema-graph\">{\"@context\":\"https:\/\/schema.org\",\"@graph\":[{\"@type\":\"WebPage\",\"@id\":\"https:\/\/www.simapsrl.com\/pl\/economia-circolare\/\",\"url\":\"https:\/\/www.simapsrl.com\/pl\/economia-circolare\/\",\"name\":\"Gospodarka o Obiegu Zamkni\u0119tym | Simap\",\"isPartOf\":{\"@id\":\"https:\/\/www.simapsrl.com\/#website\"},\"datePublished\":\"2020-01-19T10:36:46+00:00\",\"dateModified\":\"2020-03-26T16:57:32+00:00\",\"description\":\"Model gospodarki o\u00a0obiegu zamkni\u0119tym planuje wszystkie fazy \u017cycia produktu, tak aby u\u017cyte materia\u0142y mog\u0142y by\u0107 ponownie wykorzystane w\u00a0nowych cyklach.\",\"breadcrumb\":{\"@id\":\"https:\/\/www.simapsrl.com\/pl\/economia-circolare\/#breadcrumb\"},\"inLanguage\":\"pl-PL\",\"potentialAction\":[{\"@type\":\"ReadAction\",\"target\":[\"https:\/\/www.simapsrl.com\/pl\/economia-circolare\/\"]}]},{\"@type\":\"BreadcrumbList\",\"@id\":\"https:\/\/www.simapsrl.com\/pl\/economia-circolare\/#breadcrumb\",\"itemListElement\":[{\"@type\":\"ListItem\",\"position\":1,\"name\":\"Home\",\"item\":\"https:\/\/www.simapsrl.com\/pl\/\"},{\"@type\":\"ListItem\",\"position\":2,\"name\":\"Gospodarka o obiegu zamkni\u0119tym\"}]},{\"@type\":\"WebSite\",\"@id\":\"https:\/\/www.simapsrl.com\/#website\",\"url\":\"https:\/\/www.simapsrl.com\/\",\"name\":\"Simap\",\"description\":\"\",\"publisher\":{\"@id\":\"https:\/\/www.simapsrl.com\/#organization\"},\"potentialAction\":[{\"@type\":\"SearchAction\",\"target\":{\"@type\":\"EntryPoint\",\"urlTemplate\":\"https:\/\/www.simapsrl.com\/?s={search_term_string}\"},\"query-input\":\"required name=search_term_string\"}],\"inLanguage\":\"pl-PL\"},{\"@type\":\"Organization\",\"@id\":\"https:\/\/www.simapsrl.com\/#organization\",\"name\":\"Simap Srl\",\"url\":\"https:\/\/www.simapsrl.com\/\",\"logo\":{\"@type\":\"ImageObject\",\"inLanguage\":\"pl-PL\",\"@id\":\"https:\/\/www.simapsrl.com\/#\/schema\/logo\/image\/\",\"url\":\"https:\/\/www.simapsrl.com\/wp-content\/uploads\/2020\/01\/simap-logo-home.png\",\"contentUrl\":\"https:\/\/www.simapsrl.com\/wp-content\/uploads\/2020\/01\/simap-logo-home.png\",\"width\":1007,\"height\":444,\"caption\":\"Simap Srl\"},\"image\":{\"@id\":\"https:\/\/www.simapsrl.com\/#\/schema\/logo\/image\/\"},\"sameAs\":[\"https:\/\/www.linkedin.com\/company\/simapsrl\/\",\"https:\/\/www.facebook.com\/simapsrl\/\"]}]}<\/script>\n<!-- \/ Yoast SEO plugin. -->","yoast_head_json":{"title":"Gospodarka o Obiegu Zamkni\u0119tym | Simap","description":"Model gospodarki o\u00a0obiegu zamkni\u0119tym planuje wszystkie fazy \u017cycia produktu, tak aby u\u017cyte materia\u0142y mog\u0142y by\u0107 ponownie wykorzystane w\u00a0nowych cyklach.","robots":{"index":"index","follow":"follow","max-snippet":"max-snippet:-1","max-image-preview":"max-image-preview:large","max-video-preview":"max-video-preview:-1"},"canonical":"https:\/\/www.simapsrl.com\/pl\/economia-circolare\/","og_locale":"pl_PL","og_type":"article","og_title":"Gospodarka o Obiegu Zamkni\u0119tym | Simap","og_description":"Model gospodarki o\u00a0obiegu zamkni\u0119tym planuje wszystkie fazy \u017cycia produktu, tak aby u\u017cyte materia\u0142y mog\u0142y by\u0107 ponownie wykorzystane w\u00a0nowych cyklach.","og_url":"https:\/\/www.simapsrl.com\/pl\/economia-circolare\/","og_site_name":"Simap","article_publisher":"https:\/\/www.facebook.com\/simapsrl\/","article_modified_time":"2020-03-26T16:57:32+00:00","twitter_card":"summary_large_image","schema":{"@context":"https:\/\/schema.org","@graph":[{"@type":"WebPage","@id":"https:\/\/www.simapsrl.com\/pl\/economia-circolare\/","url":"https:\/\/www.simapsrl.com\/pl\/economia-circolare\/","name":"Gospodarka o Obiegu Zamkni\u0119tym | Simap","isPartOf":{"@id":"https:\/\/www.simapsrl.com\/#website"},"datePublished":"2020-01-19T10:36:46+00:00","dateModified":"2020-03-26T16:57:32+00:00","description":"Model gospodarki o\u00a0obiegu zamkni\u0119tym planuje wszystkie fazy \u017cycia produktu, tak aby u\u017cyte materia\u0142y mog\u0142y by\u0107 ponownie wykorzystane w\u00a0nowych cyklach.","breadcrumb":{"@id":"https:\/\/www.simapsrl.com\/pl\/economia-circolare\/#breadcrumb"},"inLanguage":"pl-PL","potentialAction":[{"@type":"ReadAction","target":["https:\/\/www.simapsrl.com\/pl\/economia-circolare\/"]}]},{"@type":"BreadcrumbList","@id":"https:\/\/www.simapsrl.com\/pl\/economia-circolare\/#breadcrumb","itemListElement":[{"@type":"ListItem","position":1,"name":"Home","item":"https:\/\/www.simapsrl.com\/pl\/"},{"@type":"ListItem","position":2,"name":"Gospodarka o obiegu zamkni\u0119tym"}]},{"@type":"WebSite","@id":"https:\/\/www.simapsrl.com\/#website","url":"https:\/\/www.simapsrl.com\/","name":"Simap","description":"","publisher":{"@id":"https:\/\/www.simapsrl.com\/#organization"},"potentialAction":[{"@type":"SearchAction","target":{"@type":"EntryPoint","urlTemplate":"https:\/\/www.simapsrl.com\/?s={search_term_string}"},"query-input":"required name=search_term_string"}],"inLanguage":"pl-PL"},{"@type":"Organization","@id":"https:\/\/www.simapsrl.com\/#organization","name":"Simap Srl","url":"https:\/\/www.simapsrl.com\/","logo":{"@type":"ImageObject","inLanguage":"pl-PL","@id":"https:\/\/www.simapsrl.com\/#\/schema\/logo\/image\/","url":"https:\/\/www.simapsrl.com\/wp-content\/uploads\/2020\/01\/simap-logo-home.png","contentUrl":"https:\/\/www.simapsrl.com\/wp-content\/uploads\/2020\/01\/simap-logo-home.png","width":1007,"height":444,"caption":"Simap Srl"},"image":{"@id":"https:\/\/www.simapsrl.com\/#\/schema\/logo\/image\/"},"sameAs":["https:\/\/www.linkedin.com\/company\/simapsrl\/","https:\/\/www.facebook.com\/simapsrl\/"]}]}},"_links":{"self":[{"href":"https:\/\/www.simapsrl.com\/pl\/wp-json\/wp\/v2\/pages\/409"}],"collection":[{"href":"https:\/\/www.simapsrl.com\/pl\/wp-json\/wp\/v2\/pages"}],"about":[{"href":"https:\/\/www.simapsrl.com\/pl\/wp-json\/wp\/v2\/types\/page"}],"author":[{"embeddable":true,"href":"https:\/\/www.simapsrl.com\/pl\/wp-json\/wp\/v2\/users\/1"}],"replies":[{"embeddable":true,"href":"https:\/\/www.simapsrl.com\/pl\/wp-json\/wp\/v2\/comments?post=409"}],"version-history":[{"count":4,"href":"https:\/\/www.simapsrl.com\/pl\/wp-json\/wp\/v2\/pages\/409\/revisions"}],"predecessor-version":[{"id":635,"href":"https:\/\/www.simapsrl.com\/pl\/wp-json\/wp\/v2\/pages\/409\/revisions\/635"}],"wp:attachment":[{"href":"https:\/\/www.simapsrl.com\/pl\/wp-json\/wp\/v2\/media?parent=409"}],"curies":[{"name":"wp","href":"https:\/\/api.w.org\/{rel}","templated":true}]}}